{"id":591,"date":"2026-01-18T18:52:12","date_gmt":"2026-01-18T18:52:12","guid":{"rendered":"https:\/\/marketingdigital.iesromeroesteo.es\/alu68\/?page_id=591"},"modified":"2026-01-27T14:48:23","modified_gmt":"2026-01-27T14:48:23","slug":"terminos-y-condiciones","status":"publish","type":"page","link":"https:\/\/marketingdigital.iesromeroesteo.es\/alu68\/terminos-y-condiciones\/","title":{"rendered":"T\u00e9rminos y condiciones"},"content":{"rendered":"\t\t<div data-elementor-type=\"wp-page\" data-elementor-id=\"591\" class=\"elementor elementor-591\" data-elementor-post-type=\"page\">\n\t\t\t\t<div class=\"elementor-element elementor-element-54e4a82 e-con-full e-flex e-con e-parent\" data-id=\"54e4a82\" data-element_type=\"container\">\n\t\t\t\t<div class=\"elementor-element elementor-element-78e4fa3 elementor-widget elementor-widget-text-editor\" data-id=\"78e4fa3\" data-element_type=\"widget\" data-widget_type=\"text-editor.default\">\n\t\t\t\t\t\t\t\t\t<p data-start=\"353\" data-end=\"388\"><strong data-start=\"353\" data-end=\"386\">T\u00e9rminos y condiciones de uso<\/strong><\/p><p data-start=\"390\" data-end=\"529\">Bienvenido a BEDOCUT. Al acceder a este sitio web y realizar un pedido, aceptas quedar vinculado por los siguientes t\u00e9rminos y condiciones:<\/p><h3 data-start=\"531\" data-end=\"564\">1. Informaci\u00f3n del vendedor<\/h3><ul data-start=\"565\" data-end=\"778\"><li data-start=\"565\" data-end=\"615\"><p data-start=\"567\" data-end=\"615\">Titular: BEDOCUT<\/p><\/li><li data-start=\"616\" data-end=\"640\"><p data-start=\"618\" data-end=\"640\">NIF \/ CIF: b484583<\/p><\/li><li data-start=\"641\" data-end=\"683\"><p data-start=\"643\" data-end=\"683\">Direcci\u00f3n: Malaga<\/p><\/li><li data-start=\"684\" data-end=\"739\"><p data-start=\"686\" data-end=\"739\">Correo electr\u00f3nico de contacto: pablobedo.8@gmail.com<\/p><\/li><li data-start=\"740\" data-end=\"778\"><p data-start=\"742\" data-end=\"778\">Tel\u00e9fono: 688900885<\/p><\/li><\/ul><h3 data-start=\"780\" data-end=\"795\">2. Objeto<\/h3><p data-start=\"796\" data-end=\"933\">Estos t\u00e9rminos regulan la venta de productos a trav\u00e9s de este comercio electr\u00f3nico, as\u00ed como los derechos y obligaciones de las partes.<\/p><h3 data-start=\"935\" data-end=\"974\">3. Productos, precios e impuestos<\/h3><ul data-start=\"975\" data-end=\"1251\"><li data-start=\"975\" data-end=\"1049\"><p data-start=\"977\" data-end=\"1049\">Los productos ofertados aparecen con su precio final (incluyendo IVA).<\/p><\/li><li data-start=\"1050\" data-end=\"1169\"><p data-start=\"1052\" data-end=\"1169\">En todo momento el cliente podr\u00e1 ver precio, caracter\u00edsticas, gastos de env\u00edo y total antes de confirmar la compra.<\/p><\/li><li data-start=\"1170\" data-end=\"1251\"><p data-start=\"1172\" data-end=\"1251\">Los precios y disponibilidad pueden variar mientras no se confirme el pedido.<\/p><\/li><\/ul><h3 data-start=\"1253\" data-end=\"1276\">4. M\u00e9todo de pago<\/h3><p data-start=\"1277\" data-end=\"1415\">Se aceptan los m\u00e9todos de pago indicados en la web (tarjeta, Paypal u otros). El pago se realiza de forma segura al confirmar el pedido.<\/p><h3 data-start=\"1417\" data-end=\"1442\">5. Env\u00edos y entrega<\/h3><ul data-start=\"1443\" data-end=\"1588\"><li data-start=\"1443\" data-end=\"1504\"><p data-start=\"1445\" data-end=\"1504\">Los plazos de entrega estimados se indican en cada env\u00edo.<\/p><\/li><li data-start=\"1505\" data-end=\"1588\"><p data-start=\"1507\" data-end=\"1588\">Los gastos de env\u00edo, si los hubiera, se mostrar\u00e1n antes de completar la compra.<\/p><\/li><\/ul><h3 data-start=\"1590\" data-end=\"1616\">6. Responsabilidades<\/h3><ul data-start=\"1617\" data-end=\"1879\"><li data-start=\"1617\" data-end=\"1681\"><p data-start=\"1619\" data-end=\"1681\">BEDOCUTse compromete a entregar el producto en buen estado.<\/p><\/li><li data-start=\"1682\" data-end=\"1777\"><p data-start=\"1684\" data-end=\"1777\">El cliente debe proporcionar una direcci\u00f3n v\u00e1lida y estar disponible para recibir el env\u00edo.<\/p><\/li><li data-start=\"1778\" data-end=\"1879\"><p data-start=\"1780\" data-end=\"1879\">BEDOCUT no se hace responsable de retrasos por causas ajenas (transportista, fuerza mayor, etc.).<\/p><\/li><\/ul><h3 data-start=\"1881\" data-end=\"1911\">7. Propiedad intelectual<\/h3><p data-start=\"1912\" data-end=\"2109\">Todos los contenidos del sitio (textos, im\u00e1genes, marcas, logotipos, dise\u00f1os) son propiedad de BEDOCUT o de sus licenciantes. Queda prohibida su reproducci\u00f3n, distribuci\u00f3n o uso sin autorizaci\u00f3n.<\/p><h3 data-start=\"2111\" data-end=\"2156\">8. Legislaci\u00f3n aplicable y jurisdicci\u00f3n<\/h3><p data-start=\"2157\" data-end=\"2318\">Estos t\u00e9rminos se rigen por la legislaci\u00f3n espa\u00f1ola. Para cualquier conflicto, se someter\u00e1n los tribunales de [ciudad], salvo que la ley disponga lo contrario.<\/p><h3 data-start=\"2320\" data-end=\"2355\">9. Aceptaci\u00f3n de los t\u00e9rminos<\/h3><p data-start=\"2356\" data-end=\"2467\">Al usar esta web y\/o realizar un pedido, el cliente declara haber le\u00eddo, entendido y aceptado estos t\u00e9rminos.<\/p>\t\t\t\t\t\t\t\t<\/div>\n\t\t\t\t<\/div>\n\t\t\t\t<\/div>\n\t\t","protected":false},"excerpt":{"rendered":"<p>T\u00e9rminos y condiciones de uso Bienvenido a BEDOCUT. Al acceder a este sitio web y realizar un pedido, aceptas quedar vinculado por los siguientes t\u00e9rminos y condiciones: 1. Informaci\u00f3n del vendedor Titular: BEDOCUT NIF \/ CIF: b484583 Direcci\u00f3n: Malaga Correo electr\u00f3nico de contacto: pablobedo.8@gmail.com Tel\u00e9fono: 688900885 2. Objeto Estos t\u00e9rminos regulan la venta de productos [&hellip;]<\/p>\n","protected":false},"author":1,"featured_media":0,"parent":0,"menu_order":0,"comment_status":"closed","ping_status":"closed","template":"","meta":{"_joinchat":[],"footnotes":""},"class_list":["post-591","page","type-page","status-publish","hentry"],"yoast_head":"<!-- This site is optimized with the Yoast SEO plugin v26.9 - https:\/\/yoast.com\/product\/yoast-seo-wordpress\/ -->\n<title>T\u00e9rminos y condiciones - BEDOCUT<\/title>\n<meta name=\"robots\" content=\"index, follow, max-snippet:-1, max-image-preview:large, max-video-preview:-1\" \/>\n<link rel=\"canonical\" href=\"https:\/\/marketingdigital.iesromeroesteo.es\/alu68\/terminos-y-condiciones\/\" \/>\n<meta property=\"og:locale\" content=\"es_ES\" \/>\n<meta property=\"og:type\" content=\"article\" \/>\n<meta property=\"og:title\" content=\"T\u00e9rminos y condiciones - BEDOCUT\" \/>\n<meta property=\"og:description\" content=\"T\u00e9rminos y condiciones de uso Bienvenido a BEDOCUT. Al acceder a este sitio web y realizar un pedido, aceptas quedar vinculado por los siguientes t\u00e9rminos y condiciones: 1. Informaci\u00f3n del vendedor Titular: BEDOCUT NIF \/ CIF: b484583 Direcci\u00f3n: Malaga Correo electr\u00f3nico de contacto: pablobedo.8@gmail.com Tel\u00e9fono: 688900885 2. Objeto Estos t\u00e9rminos regulan la venta de productos [&hellip;]\" \/>\n<meta property=\"og:url\" content=\"https:\/\/marketingdigital.iesromeroesteo.es\/alu68\/terminos-y-condiciones\/\" \/>\n<meta property=\"og:site_name\" content=\"BEDOCUT\" \/>\n<meta property=\"article:modified_time\" content=\"2026-01-27T14:48:23+00:00\" \/>\n<meta name=\"twitter:card\" content=\"summary_large_image\" \/>\n<meta name=\"twitter:label1\" content=\"Tiempo de lectura\" \/>\n\t<meta name=\"twitter:data1\" content=\"2 minutos\" \/>\n<script type=\"application\/ld+json\" class=\"yoast-schema-graph\">{\"@context\":\"https:\/\/schema.org\",\"@graph\":[{\"@type\":\"WebPage\",\"@id\":\"https:\/\/marketingdigital.iesromeroesteo.es\/alu68\/terminos-y-condiciones\/\",\"url\":\"https:\/\/marketingdigital.iesromeroesteo.es\/alu68\/terminos-y-condiciones\/\",\"name\":\"T\u00e9rminos y condiciones - BEDOCUT\",\"isPartOf\":{\"@id\":\"https:\/\/marketingdigital.iesromeroesteo.es\/alu68\/#website\"},\"datePublished\":\"2026-01-18T18:52:12+00:00\",\"dateModified\":\"2026-01-27T14:48:23+00:00\",\"breadcrumb\":{\"@id\":\"https:\/\/marketingdigital.iesromeroesteo.es\/alu68\/terminos-y-condiciones\/#breadcrumb\"},\"inLanguage\":\"es\",\"potentialAction\":[{\"@type\":\"ReadAction\",\"target\":[\"https:\/\/marketingdigital.iesromeroesteo.es\/alu68\/terminos-y-condiciones\/\"]}]},{\"@type\":\"BreadcrumbList\",\"@id\":\"https:\/\/marketingdigital.iesromeroesteo.es\/alu68\/terminos-y-condiciones\/#breadcrumb\",\"itemListElement\":[{\"@type\":\"ListItem\",\"position\":1,\"name\":\"Portada\",\"item\":\"https:\/\/marketingdigital.iesromeroesteo.es\/alu68\/\"},{\"@type\":\"ListItem\",\"position\":2,\"name\":\"T\u00e9rminos y condiciones\"}]},{\"@type\":\"WebSite\",\"@id\":\"https:\/\/marketingdigital.iesromeroesteo.es\/alu68\/#website\",\"url\":\"https:\/\/marketingdigital.iesromeroesteo.es\/alu68\/\",\"name\":\"BEDOCUT\",\"description\":\"BEDOCUT Jardiner\u00eda ofrece mantenimiento, dise\u00f1o y cuidado de jardines con herramientas profesionales. Servicio online y atenci\u00f3n en toda Espa\u00f1a.\",\"publisher\":{\"@id\":\"https:\/\/marketingdigital.iesromeroesteo.es\/alu68\/#organization\"},\"potentialAction\":[{\"@type\":\"SearchAction\",\"target\":{\"@type\":\"EntryPoint\",\"urlTemplate\":\"https:\/\/marketingdigital.iesromeroesteo.es\/alu68\/?s={search_term_string}\"},\"query-input\":{\"@type\":\"PropertyValueSpecification\",\"valueRequired\":true,\"valueName\":\"search_term_string\"}}],\"inLanguage\":\"es\"},{\"@type\":\"Organization\",\"@id\":\"https:\/\/marketingdigital.iesromeroesteo.es\/alu68\/#organization\",\"name\":\"BEDOCUT\",\"url\":\"https:\/\/marketingdigital.iesromeroesteo.es\/alu68\/\",\"logo\":{\"@type\":\"ImageObject\",\"inLanguage\":\"es\",\"@id\":\"https:\/\/marketingdigital.iesromeroesteo.es\/alu68\/#\/schema\/logo\/image\/\",\"url\":\"https:\/\/marketingdigital.iesromeroesteo.es\/alu68\/wp-content\/uploads\/2025\/11\/Green-Modern-Badge-Gardening-Logo-Design.png\",\"contentUrl\":\"https:\/\/marketingdigital.iesromeroesteo.es\/alu68\/wp-content\/uploads\/2025\/11\/Green-Modern-Badge-Gardening-Logo-Design.png\",\"width\":500,\"height\":500,\"caption\":\"BEDOCUT\"},\"image\":{\"@id\":\"https:\/\/marketingdigital.iesromeroesteo.es\/alu68\/#\/schema\/logo\/image\/\"}}]}<\/script>\n<!-- \/ Yoast SEO plugin. -->","yoast_head_json":{"title":"T\u00e9rminos y condiciones - BEDOCUT","robots":{"index":"index","follow":"follow","max-snippet":"max-snippet:-1","max-image-preview":"max-image-preview:large","max-video-preview":"max-video-preview:-1"},"canonical":"https:\/\/marketingdigital.iesromeroesteo.es\/alu68\/terminos-y-condiciones\/","og_locale":"es_ES","og_type":"article","og_title":"T\u00e9rminos y condiciones - BEDOCUT","og_description":"T\u00e9rminos y condiciones de uso Bienvenido a BEDOCUT. Al acceder a este sitio web y realizar un pedido, aceptas quedar vinculado por los siguientes t\u00e9rminos y condiciones: 1. Informaci\u00f3n del vendedor Titular: BEDOCUT NIF \/ CIF: b484583 Direcci\u00f3n: Malaga Correo electr\u00f3nico de contacto: pablobedo.8@gmail.com Tel\u00e9fono: 688900885 2. Objeto Estos t\u00e9rminos regulan la venta de productos [&hellip;]","og_url":"https:\/\/marketingdigital.iesromeroesteo.es\/alu68\/terminos-y-condiciones\/","og_site_name":"BEDOCUT","article_modified_time":"2026-01-27T14:48:23+00:00","twitter_card":"summary_large_image","twitter_misc":{"Tiempo de lectura":"2 minutos"},"schema":{"@context":"https:\/\/schema.org","@graph":[{"@type":"WebPage","@id":"https:\/\/marketingdigital.iesromeroesteo.es\/alu68\/terminos-y-condiciones\/","url":"https:\/\/marketingdigital.iesromeroesteo.es\/alu68\/terminos-y-condiciones\/","name":"T\u00e9rminos y condiciones - BEDOCUT","isPartOf":{"@id":"https:\/\/marketingdigital.iesromeroesteo.es\/alu68\/#website"},"datePublished":"2026-01-18T18:52:12+00:00","dateModified":"2026-01-27T14:48:23+00:00","breadcrumb":{"@id":"https:\/\/marketingdigital.iesromeroesteo.es\/alu68\/terminos-y-condiciones\/#breadcrumb"},"inLanguage":"es","potentialAction":[{"@type":"ReadAction","target":["https:\/\/marketingdigital.iesromeroesteo.es\/alu68\/terminos-y-condiciones\/"]}]},{"@type":"BreadcrumbList","@id":"https:\/\/marketingdigital.iesromeroesteo.es\/alu68\/terminos-y-condiciones\/#breadcrumb","itemListElement":[{"@type":"ListItem","position":1,"name":"Portada","item":"https:\/\/marketingdigital.iesromeroesteo.es\/alu68\/"},{"@type":"ListItem","position":2,"name":"T\u00e9rminos y condiciones"}]},{"@type":"WebSite","@id":"https:\/\/marketingdigital.iesromeroesteo.es\/alu68\/#website","url":"https:\/\/marketingdigital.iesromeroesteo.es\/alu68\/","name":"BEDOCUT","description":"BEDOCUT Jardiner\u00eda ofrece mantenimiento, dise\u00f1o y cuidado de jardines con herramientas profesionales. Servicio online y atenci\u00f3n en toda Espa\u00f1a.","publisher":{"@id":"https:\/\/marketingdigital.iesromeroesteo.es\/alu68\/#organization"},"potentialAction":[{"@type":"SearchAction","target":{"@type":"EntryPoint","urlTemplate":"https:\/\/marketingdigital.iesromeroesteo.es\/alu68\/?s={search_term_string}"},"query-input":{"@type":"PropertyValueSpecification","valueRequired":true,"valueName":"search_term_string"}}],"inLanguage":"es"},{"@type":"Organization","@id":"https:\/\/marketingdigital.iesromeroesteo.es\/alu68\/#organization","name":"BEDOCUT","url":"https:\/\/marketingdigital.iesromeroesteo.es\/alu68\/","logo":{"@type":"ImageObject","inLanguage":"es","@id":"https:\/\/marketingdigital.iesromeroesteo.es\/alu68\/#\/schema\/logo\/image\/","url":"https:\/\/marketingdigital.iesromeroesteo.es\/alu68\/wp-content\/uploads\/2025\/11\/Green-Modern-Badge-Gardening-Logo-Design.png","contentUrl":"https:\/\/marketingdigital.iesromeroesteo.es\/alu68\/wp-content\/uploads\/2025\/11\/Green-Modern-Badge-Gardening-Logo-Design.png","width":500,"height":500,"caption":"BEDOCUT"},"image":{"@id":"https:\/\/marketingdigital.iesromeroesteo.es\/alu68\/#\/schema\/logo\/image\/"}}]}},"_links":{"self":[{"href":"https:\/\/marketingdigital.iesromeroesteo.es\/alu68\/wp-json\/wp\/v2\/pages\/591","targetHints":{"allow":["GET"]}}],"collection":[{"href":"https:\/\/marketingdigital.iesromeroesteo.es\/alu68\/wp-json\/wp\/v2\/pages"}],"about":[{"href":"https:\/\/marketingdigital.iesromeroesteo.es\/alu68\/wp-json\/wp\/v2\/types\/page"}],"author":[{"embeddable":true,"href":"https:\/\/marketingdigital.iesromeroesteo.es\/alu68\/wp-json\/wp\/v2\/users\/1"}],"replies":[{"embeddable":true,"href":"https:\/\/marketingdigital.iesromeroesteo.es\/alu68\/wp-json\/wp\/v2\/comments?post=591"}],"version-history":[{"count":16,"href":"https:\/\/marketingdigital.iesromeroesteo.es\/alu68\/wp-json\/wp\/v2\/pages\/591\/revisions"}],"predecessor-version":[{"id":943,"href":"https:\/\/marketingdigital.iesromeroesteo.es\/alu68\/wp-json\/wp\/v2\/pages\/591\/revisions\/943"}],"wp:attachment":[{"href":"https:\/\/marketingdigital.iesromeroesteo.es\/alu68\/wp-json\/wp\/v2\/media?parent=591"}],"curies":[{"name":"wp","href":"https:\/\/api.w.org\/{rel}","templated":true}]}}