{"id":155,"date":"2026-01-18T16:27:34","date_gmt":"2026-01-18T16:27:34","guid":{"rendered":"https:\/\/marketingdigital.iesromeroesteo.es\/alu68\/?page_id=155"},"modified":"2026-01-27T15:55:24","modified_gmt":"2026-01-27T15:55:24","slug":"contacto","status":"publish","type":"page","link":"https:\/\/marketingdigital.iesromeroesteo.es\/alu68\/contacto\/","title":{"rendered":"Contacto"},"content":{"rendered":"\t\t<div data-elementor-type=\"wp-page\" data-elementor-id=\"155\" class=\"elementor elementor-155\" data-elementor-post-type=\"page\">\n\t\t\t\t<div class=\"elementor-element elementor-element-82b2016 e-con-full e-flex e-con e-parent\" data-id=\"82b2016\" data-element_type=\"container\">\n\t\t<div class=\"elementor-element elementor-element-58d6a62 e-flex e-con-boxed e-con e-child\" data-id=\"58d6a62\" data-element_type=\"container\" data-settings=\"{&quot;background_background&quot;:&quot;classic&quot;}\">\n\t\t\t\t\t<div class=\"e-con-inner\">\n\t\t\t\t<div class=\"elementor-element elementor-element-b748424 elementor-widget elementor-widget-heading\" data-id=\"b748424\" data-element_type=\"widget\" data-widget_type=\"heading.default\">\n\t\t\t\t\t<h2 class=\"elementor-heading-title elementor-size-default\">\u00bfTienes alguna duda?<\/h2>\t\t\t\t<\/div>\n\t\t\t\t<div class=\"elementor-element elementor-element-3866d7a elementor-button-align-stretch elementor-widget elementor-widget-form\" data-id=\"3866d7a\" data-element_type=\"widget\" data-settings=\"{&quot;step_next_label&quot;:&quot;Next&quot;,&quot;step_previous_label&quot;:&quot;Previous&quot;,&quot;button_width&quot;:&quot;20&quot;,&quot;step_type&quot;:&quot;number_text&quot;,&quot;step_icon_shape&quot;:&quot;circle&quot;}\" data-widget_type=\"form.default\">\n\t\t\t\t\t\t\t<form class=\"elementor-form\" method=\"post\" name=\"Enviar \" aria-label=\"Enviar \">\n\t\t\t<input type=\"hidden\" name=\"post_id\" value=\"155\"\/>\n\t\t\t<input type=\"hidden\" name=\"form_id\" value=\"3866d7a\"\/>\n\t\t\t<input type=\"hidden\" name=\"referer_title\" value=\"Contacto - BEDOCUT\" \/>\n\n\t\t\t\t\t\t\t<input type=\"hidden\" name=\"queried_id\" value=\"155\"\/>\n\t\t\t\n\t\t\t<div class=\"elementor-form-fields-wrapper elementor-labels-\">\n\t\t\t\t\t\t\t\t<div class=\"elementor-field-type-text elementor-field-group elementor-column elementor-field-group-name elementor-col-50\">\n\t\t\t\t\t\t\t\t\t\t\t\t\t<input size=\"1\" type=\"text\" name=\"form_fields[name]\" id=\"form-field-name\" class=\"elementor-field elementor-size-sm  elementor-field-textual\" placeholder=\"Nombre\">\n\t\t\t\t\t\t\t\t\t\t\t<\/div>\n\t\t\t\t\t\t\t\t<div class=\"elementor-field-type-email elementor-field-group elementor-column elementor-field-group-email elementor-col-50 elementor-field-required\">\n\t\t\t\t\t\t\t\t\t\t\t\t\t<input size=\"1\" type=\"email\" name=\"form_fields[email]\" id=\"form-field-email\" class=\"elementor-field elementor-size-sm  elementor-field-textual\" placeholder=\"Correo electr\u00f3nico \" required=\"required\">\n\t\t\t\t\t\t\t\t\t\t\t<\/div>\n\t\t\t\t\t\t\t\t<div class=\"elementor-field-type-text elementor-field-group elementor-column elementor-field-group-field_64f50c3 elementor-col-100\">\n\t\t\t\t\t\t\t\t\t\t\t\t\t<input size=\"1\" type=\"text\" name=\"form_fields[field_64f50c3]\" id=\"form-field-field_64f50c3\" class=\"elementor-field elementor-size-sm  elementor-field-textual\" placeholder=\"N\u00famero de tel\u00e9fono\">\n\t\t\t\t\t\t\t\t\t\t\t<\/div>\n\t\t\t\t\t\t\t\t<div class=\"elementor-field-type-text elementor-field-group elementor-column elementor-field-group-field_f07d621 elementor-col-100\">\n\t\t\t\t\t\t\t\t\t\t\t\t\t<input size=\"1\" type=\"text\" name=\"form_fields[field_f07d621]\" id=\"form-field-field_f07d621\" class=\"elementor-field elementor-size-sm  elementor-field-textual\" placeholder=\"\u00bfQu\u00e9 Herramienta estas interesado?\">\n\t\t\t\t\t\t\t\t\t\t\t<\/div>\n\t\t\t\t\t\t\t\t<div class=\"elementor-field-type-textarea elementor-field-group elementor-column elementor-field-group-message elementor-col-100\">\n\t\t\t\t\t<textarea class=\"elementor-field-textual elementor-field  elementor-size-sm\" name=\"form_fields[message]\" id=\"form-field-message\" rows=\"4\" placeholder=\"Comentarios\"><\/textarea>\t\t\t\t<\/div>\n\t\t\t\t\t\t\t\t<div class=\"elementor-field-type-recaptcha_v3 elementor-field-group elementor-column elementor-field-group-field_7e149ae elementor-col-100 recaptcha_v3-bottomleft\">\n\t\t\t\t\t<div class=\"elementor-field\" id=\"form-field-field_7e149ae\"><div class=\"elementor-g-recaptcha\" data-sitekey=\"6LeOMBgsAAAAAJWcfqx0YQqiTPL-_nvxSyWoqtYX\" data-type=\"v3\" data-action=\"Form\" data-badge=\"bottomleft\" data-size=\"invisible\"><\/div><\/div>\t\t\t\t<\/div>\n\t\t\t\t\t\t\t\t<div class=\"elementor-field-group elementor-column elementor-field-type-submit elementor-col-20 e-form__buttons\">\n\t\t\t\t\t<button class=\"elementor-button elementor-size-sm\" type=\"submit\">\n\t\t\t\t\t\t<span class=\"elementor-button-content-wrapper\">\n\t\t\t\t\t\t\t\t\t\t\t\t\t\t\t\t\t\t\t\t\t\t<span class=\"elementor-button-text\">Enviar<\/span>\n\t\t\t\t\t\t\t\t\t\t\t\t\t<\/span>\n\t\t\t\t\t<\/button>\n\t\t\t\t<\/div>\n\t\t\t<\/div>\n\t\t<\/form>\n\t\t\t\t\t\t<\/div>\n\t\t\t\t\t<\/div>\n\t\t\t\t<\/div>\n\t\t\t\t<\/div>\n\t\t<div class=\"elementor-element elementor-element-455ef76 e-flex e-con-boxed e-con e-parent\" data-id=\"455ef76\" data-element_type=\"container\">\n\t\t\t\t\t<div class=\"e-con-inner\">\n\t\t\t\t<div class=\"elementor-element elementor-element-ea7550e elementor-widget elementor-widget-html\" data-id=\"ea7550e\" data-element_type=\"widget\" data-widget_type=\"html.default\">\n\t\t\t\t\t\r\n\r\n<section class=\"social-connect container\">\r\n  <div class=\"social-inner\">\r\n    <h2 class=\"social-title\">S\u00edguenos y con\u00e9ctate con BEDOCUT \ud83c\udf0d<\/h2>\r\n    <p class=\"social-subtitle\">\r\n      Puedes vernos y contactarnos a trav\u00e9s de nuestras redes sociales oficiales.\r\n    <\/p>\r\n\r\n    <div class=\"social-grid\">\r\n\r\n      <!-- Instagram -->\r\n      <a href=\"https:\/\/www.instagram.com\/bedocut\"\r\n         target=\"_blank\" rel=\"noopener nofollow\"\r\n         class=\"social-card instagram\">\r\n        <svg xmlns=\"http:\/\/www.w3.org\/2000\/svg\" viewBox=\"0 0 512 512\">\r\n          <path fill=\"#E1306C\" d=\"M349.33 69.33H162.67C110.4 69.33 69.33 110.4 69.33 162.67v186.67c0 52.27 41.07 93.33 93.34 93.33h186.66c52.27 0 93.34-41.06 93.34-93.33V162.67c0-52.27-41.07-93.34-93.34-93.34zm61.34 280.01c0 33.87-27.47 61.33-61.34 61.33H162.67c-33.87 0-61.34-27.46-61.34-61.33V162.67c0-33.87 27.47-61.34 61.34-61.34h186.66c33.87 0 61.34 27.47 61.34 61.34z\"\/>\r\n          <path fill=\"#E1306C\" d=\"M256 164c-50.71 0-92 41.29-92 92s41.29 92 92 92 92-41.29 92-92-41.29-92-92-92zm0 152a60 60 0 1 1 60-60 60.07 60.07 0 0 1-60 60zM370.67 144a21.33 21.33 0 1 1-21.34 21.33 21.36 21.36 0 0 1 21.34-21.33z\"\/>\r\n        <\/svg>\r\n        <span>@BEDOCUT<\/span>\r\n      <\/a>\r\n\r\n      <!-- TikTok -->\r\n      <a href=\"https:\/\/www.tiktok.com\/@bedocut_oficial?_r=1&_t=ZN-93QOu9JUZE6\"\r\n         target=\"_blank\" rel=\"noopener nofollow\"\r\n         class=\"social-card tiktok\">\r\n        <svg xmlns=\"http:\/\/www.w3.org\/2000\/svg\" viewBox=\"0 0 48 48\">\r\n          <path fill=\"#000\" d=\"M31.5 7.5c1.8 3.3 5 5.9 8.8 6.6v6.9c-3.2-.1-6.1-1.1-8.8-2.9v11.9c0 7.4-6 13.4-13.4 13.4S4.7 37.4 4.7 30s6-13.4 13.4-13.4c1.2 0 2.3.2 3.4.5v7a6.49 6.49 0 0 0-3.4-.9 6.5 6.5 0 1 0 6.5 6.5V4.5h6.9z\"\/>\r\n        <\/svg>\r\n        <span>@BEDOCUT<\/span>\r\n      <\/a>\r\n\r\n      <!-- YouTube -->\r\n      <a href=\"https:\/\/youtube.com\/@BEDOCUT\"\r\n         target=\"_blank\" rel=\"noopener nofollow\"\r\n         class=\"social-card youtube\">\r\n        <svg xmlns=\"http:\/\/www.w3.org\/2000\/svg\" viewBox=\"0 0 576 512\">\r\n          <path fill=\"#FF0000\" d=\"M549.655 124.083c-6.281-23.65-24.787-42.226-48.385-48.548C458.624 64 288 64 288 64S117.376 64 74.73 75.535c-23.598 6.322-42.104 24.898-48.385 48.548C16 167.243 16 256 16 256s0 88.757 10.345 131.917c6.281 23.65 24.787 42.226 48.385 48.548C117.376 448 288 448 288 448s170.624 0 213.27-11.535c23.598-6.322 42.104-24.898 48.385-48.548C560 344.757 560 256 560 256s0-88.757-10.345-131.917zM232 334V178l142 78-142 78z\"\/>\r\n        <\/svg>\r\n        <span>@BEDOCUT<\/span>\r\n      <\/a>\r\n\r\n    <\/div>\r\n  <\/div>\r\n<\/section>\r\n\r\n<style>\r\n  .social-connect {\r\n    padding: 80px 20px;\r\n    text-align: center;\r\n  }\r\n  .social-title {\r\n    font-size: 2rem;\r\n    margin-bottom: .5rem;\r\n  }\r\n  .social-subtitle {\r\n    color: #555;\r\n    margin-bottom: 2rem;\r\n  }\r\n  .social-grid {\r\n    display: flex;\r\n    justify-content: center;\r\n    flex-wrap: wrap;\r\n    gap: 20px;\r\n  }\r\n  .social-card {\r\n    display: flex;\r\n    flex-direction: column;\r\n    align-items: center;\r\n    gap: .6rem;\r\n    text-decoration: none;\r\n    color: #000;\r\n    border-radius: 20px;\r\n    padding: 20px;\r\n    width: 180px;\r\n    background: #fff;\r\n    box-shadow: 0 6px 20px rgba(0,0,0,.1);\r\n    transition: all .3s ease;\r\n  }\r\n  .social-card:hover {\r\n    transform: translateY(-5px);\r\n    box-shadow: 0 10px 25px rgba(0,0,0,.15);\r\n  }\r\n  .social-card svg {\r\n    width: 45px;\r\n    height: 45px;\r\n  }\r\n  .instagram svg path { fill: #E1306C; }\r\n  .tiktok svg path { fill: #000; }\r\n  .youtube svg path { fill: #FF0000; }\r\n  @media (max-width: 768px) {\r\n    .social-card { width: 140px; padding: 15px; }\r\n  }\r\n<\/style>\t\t\t\t<\/div>\n\t\t\t\t\t<\/div>\n\t\t\t\t<\/div>\n\t\t\t\t<\/div>\n\t\t","protected":false},"excerpt":{"rendered":"<p>\u00bfTienes alguna duda? S\u00edguenos y con\u00e9ctate con BEDOCUT \ud83c\udf0d Puedes vernos y contactarnos a trav\u00e9s de nuestras redes sociales oficiales. @BEDOCUT @BEDOCUT @BEDOCUT<\/p>\n","protected":false},"author":1,"featured_media":0,"parent":0,"menu_order":0,"comment_status":"closed","ping_status":"closed","template":"elementor_header_footer","meta":{"_joinchat":[],"footnotes":""},"class_list":["post-155","page","type-page","status-publish","hentry"],"yoast_head":"<!-- This site is optimized with the Yoast SEO plugin v26.9 - https:\/\/yoast.com\/product\/yoast-seo-wordpress\/ -->\n<title>Contacto - BEDOCUT<\/title>\n<meta name=\"robots\" content=\"index, follow, max-snippet:-1, max-image-preview:large, max-video-preview:-1\" \/>\n<link rel=\"canonical\" href=\"https:\/\/marketingdigital.iesromeroesteo.es\/alu68\/contacto\/\" \/>\n<meta property=\"og:locale\" content=\"es_ES\" \/>\n<meta property=\"og:type\" content=\"article\" \/>\n<meta property=\"og:title\" content=\"Contacto - BEDOCUT\" \/>\n<meta property=\"og:description\" content=\"\u00bfTienes alguna duda? S\u00edguenos y con\u00e9ctate con BEDOCUT \ud83c\udf0d Puedes vernos y contactarnos a trav\u00e9s de nuestras redes sociales oficiales. @BEDOCUT @BEDOCUT @BEDOCUT\" \/>\n<meta property=\"og:url\" content=\"https:\/\/marketingdigital.iesromeroesteo.es\/alu68\/contacto\/\" \/>\n<meta property=\"og:site_name\" content=\"BEDOCUT\" \/>\n<meta property=\"article:modified_time\" content=\"2026-01-27T15:55:24+00:00\" \/>\n<meta name=\"twitter:card\" content=\"summary_large_image\" \/>\n<script type=\"application\/ld+json\" class=\"yoast-schema-graph\">{\"@context\":\"https:\/\/schema.org\",\"@graph\":[{\"@type\":\"WebPage\",\"@id\":\"https:\/\/marketingdigital.iesromeroesteo.es\/alu68\/contacto\/\",\"url\":\"https:\/\/marketingdigital.iesromeroesteo.es\/alu68\/contacto\/\",\"name\":\"Contacto - BEDOCUT\",\"isPartOf\":{\"@id\":\"https:\/\/marketingdigital.iesromeroesteo.es\/alu68\/#website\"},\"datePublished\":\"2026-01-18T16:27:34+00:00\",\"dateModified\":\"2026-01-27T15:55:24+00:00\",\"breadcrumb\":{\"@id\":\"https:\/\/marketingdigital.iesromeroesteo.es\/alu68\/contacto\/#breadcrumb\"},\"inLanguage\":\"es\",\"potentialAction\":[{\"@type\":\"ReadAction\",\"target\":[\"https:\/\/marketingdigital.iesromeroesteo.es\/alu68\/contacto\/\"]}]},{\"@type\":\"BreadcrumbList\",\"@id\":\"https:\/\/marketingdigital.iesromeroesteo.es\/alu68\/contacto\/#breadcrumb\",\"itemListElement\":[{\"@type\":\"ListItem\",\"position\":1,\"name\":\"Portada\",\"item\":\"https:\/\/marketingdigital.iesromeroesteo.es\/alu68\/\"},{\"@type\":\"ListItem\",\"position\":2,\"name\":\"Contacto\"}]},{\"@type\":\"WebSite\",\"@id\":\"https:\/\/marketingdigital.iesromeroesteo.es\/alu68\/#website\",\"url\":\"https:\/\/marketingdigital.iesromeroesteo.es\/alu68\/\",\"name\":\"BEDOCUT\",\"description\":\"BEDOCUT Jardiner\u00eda ofrece mantenimiento, dise\u00f1o y cuidado de jardines con herramientas profesionales. Servicio online y atenci\u00f3n en toda Espa\u00f1a.\",\"publisher\":{\"@id\":\"https:\/\/marketingdigital.iesromeroesteo.es\/alu68\/#organization\"},\"potentialAction\":[{\"@type\":\"SearchAction\",\"target\":{\"@type\":\"EntryPoint\",\"urlTemplate\":\"https:\/\/marketingdigital.iesromeroesteo.es\/alu68\/?s={search_term_string}\"},\"query-input\":{\"@type\":\"PropertyValueSpecification\",\"valueRequired\":true,\"valueName\":\"search_term_string\"}}],\"inLanguage\":\"es\"},{\"@type\":\"Organization\",\"@id\":\"https:\/\/marketingdigital.iesromeroesteo.es\/alu68\/#organization\",\"name\":\"BEDOCUT\",\"url\":\"https:\/\/marketingdigital.iesromeroesteo.es\/alu68\/\",\"logo\":{\"@type\":\"ImageObject\",\"inLanguage\":\"es\",\"@id\":\"https:\/\/marketingdigital.iesromeroesteo.es\/alu68\/#\/schema\/logo\/image\/\",\"url\":\"https:\/\/marketingdigital.iesromeroesteo.es\/alu68\/wp-content\/uploads\/2025\/11\/Green-Modern-Badge-Gardening-Logo-Design.png\",\"contentUrl\":\"https:\/\/marketingdigital.iesromeroesteo.es\/alu68\/wp-content\/uploads\/2025\/11\/Green-Modern-Badge-Gardening-Logo-Design.png\",\"width\":500,\"height\":500,\"caption\":\"BEDOCUT\"},\"image\":{\"@id\":\"https:\/\/marketingdigital.iesromeroesteo.es\/alu68\/#\/schema\/logo\/image\/\"}}]}<\/script>\n<!-- \/ Yoast SEO plugin. -->","yoast_head_json":{"title":"Contacto - BEDOCUT","robots":{"index":"index","follow":"follow","max-snippet":"max-snippet:-1","max-image-preview":"max-image-preview:large","max-video-preview":"max-video-preview:-1"},"canonical":"https:\/\/marketingdigital.iesromeroesteo.es\/alu68\/contacto\/","og_locale":"es_ES","og_type":"article","og_title":"Contacto - BEDOCUT","og_description":"\u00bfTienes alguna duda? S\u00edguenos y con\u00e9ctate con BEDOCUT \ud83c\udf0d Puedes vernos y contactarnos a trav\u00e9s de nuestras redes sociales oficiales. @BEDOCUT @BEDOCUT @BEDOCUT","og_url":"https:\/\/marketingdigital.iesromeroesteo.es\/alu68\/contacto\/","og_site_name":"BEDOCUT","article_modified_time":"2026-01-27T15:55:24+00:00","twitter_card":"summary_large_image","schema":{"@context":"https:\/\/schema.org","@graph":[{"@type":"WebPage","@id":"https:\/\/marketingdigital.iesromeroesteo.es\/alu68\/contacto\/","url":"https:\/\/marketingdigital.iesromeroesteo.es\/alu68\/contacto\/","name":"Contacto - BEDOCUT","isPartOf":{"@id":"https:\/\/marketingdigital.iesromeroesteo.es\/alu68\/#website"},"datePublished":"2026-01-18T16:27:34+00:00","dateModified":"2026-01-27T15:55:24+00:00","breadcrumb":{"@id":"https:\/\/marketingdigital.iesromeroesteo.es\/alu68\/contacto\/#breadcrumb"},"inLanguage":"es","potentialAction":[{"@type":"ReadAction","target":["https:\/\/marketingdigital.iesromeroesteo.es\/alu68\/contacto\/"]}]},{"@type":"BreadcrumbList","@id":"https:\/\/marketingdigital.iesromeroesteo.es\/alu68\/contacto\/#breadcrumb","itemListElement":[{"@type":"ListItem","position":1,"name":"Portada","item":"https:\/\/marketingdigital.iesromeroesteo.es\/alu68\/"},{"@type":"ListItem","position":2,"name":"Contacto"}]},{"@type":"WebSite","@id":"https:\/\/marketingdigital.iesromeroesteo.es\/alu68\/#website","url":"https:\/\/marketingdigital.iesromeroesteo.es\/alu68\/","name":"BEDOCUT","description":"BEDOCUT Jardiner\u00eda ofrece mantenimiento, dise\u00f1o y cuidado de jardines con herramientas profesionales. Servicio online y atenci\u00f3n en toda Espa\u00f1a.","publisher":{"@id":"https:\/\/marketingdigital.iesromeroesteo.es\/alu68\/#organization"},"potentialAction":[{"@type":"SearchAction","target":{"@type":"EntryPoint","urlTemplate":"https:\/\/marketingdigital.iesromeroesteo.es\/alu68\/?s={search_term_string}"},"query-input":{"@type":"PropertyValueSpecification","valueRequired":true,"valueName":"search_term_string"}}],"inLanguage":"es"},{"@type":"Organization","@id":"https:\/\/marketingdigital.iesromeroesteo.es\/alu68\/#organization","name":"BEDOCUT","url":"https:\/\/marketingdigital.iesromeroesteo.es\/alu68\/","logo":{"@type":"ImageObject","inLanguage":"es","@id":"https:\/\/marketingdigital.iesromeroesteo.es\/alu68\/#\/schema\/logo\/image\/","url":"https:\/\/marketingdigital.iesromeroesteo.es\/alu68\/wp-content\/uploads\/2025\/11\/Green-Modern-Badge-Gardening-Logo-Design.png","contentUrl":"https:\/\/marketingdigital.iesromeroesteo.es\/alu68\/wp-content\/uploads\/2025\/11\/Green-Modern-Badge-Gardening-Logo-Design.png","width":500,"height":500,"caption":"BEDOCUT"},"image":{"@id":"https:\/\/marketingdigital.iesromeroesteo.es\/alu68\/#\/schema\/logo\/image\/"}}]}},"_links":{"self":[{"href":"https:\/\/marketingdigital.iesromeroesteo.es\/alu68\/wp-json\/wp\/v2\/pages\/155","targetHints":{"allow":["GET"]}}],"collection":[{"href":"https:\/\/marketingdigital.iesromeroesteo.es\/alu68\/wp-json\/wp\/v2\/pages"}],"about":[{"href":"https:\/\/marketingdigital.iesromeroesteo.es\/alu68\/wp-json\/wp\/v2\/types\/page"}],"author":[{"embeddable":true,"href":"https:\/\/marketingdigital.iesromeroesteo.es\/alu68\/wp-json\/wp\/v2\/users\/1"}],"replies":[{"embeddable":true,"href":"https:\/\/marketingdigital.iesromeroesteo.es\/alu68\/wp-json\/wp\/v2\/comments?post=155"}],"version-history":[{"count":34,"href":"https:\/\/marketingdigital.iesromeroesteo.es\/alu68\/wp-json\/wp\/v2\/pages\/155\/revisions"}],"predecessor-version":[{"id":965,"href":"https:\/\/marketingdigital.iesromeroesteo.es\/alu68\/wp-json\/wp\/v2\/pages\/155\/revisions\/965"}],"wp:attachment":[{"href":"https:\/\/marketingdigital.iesromeroesteo.es\/alu68\/wp-json\/wp\/v2\/media?parent=155"}],"curies":[{"name":"wp","href":"https:\/\/api.w.org\/{rel}","templated":true}]}}