{"id":14,"date":"2026-01-18T15:58:11","date_gmt":"2026-01-18T15:58:11","guid":{"rendered":"https:\/\/marketingdigital.iesromeroesteo.es\/alu68\/carrito\/"},"modified":"2026-01-19T17:14:05","modified_gmt":"2026-01-19T17:14:05","slug":"carrito","status":"publish","type":"page","link":"https:\/\/marketingdigital.iesromeroesteo.es\/alu68\/carrito\/","title":{"rendered":"Carrito"},"content":{"rendered":"\t\t<div data-elementor-type=\"wp-page\" data-elementor-id=\"14\" class=\"elementor elementor-14\" data-elementor-post-type=\"page\">\n\t\t\t\t<div class=\"elementor-element elementor-element-7303447e e-flex e-con-boxed e-con e-parent\" data-id=\"7303447e\" data-element_type=\"container\">\n\t\t\t\t\t<div class=\"e-con-inner\">\n\t\t\t\t<div class=\"elementor-element elementor-element-480064f9 elementor-widget elementor-widget-text-editor\" data-id=\"480064f9\" data-element_type=\"widget\" data-widget_type=\"text-editor.default\">\n\t\t\t\t\t\t\t\t\t\n<div data-block-name=\"woocommerce\/cart\" class=\"wp-block-woocommerce-cart alignwide is-loading\">\n<div data-block-name=\"woocommerce\/filled-cart-block\" class=\"wp-block-woocommerce-filled-cart-block\">\n<div data-block-name=\"woocommerce\/cart-items-block\" class=\"wp-block-woocommerce-cart-items-block\">\n<div data-block-name=\"woocommerce\/cart-line-items-block\" class=\"wp-block-woocommerce-cart-line-items-block\">\u00a0<\/div>\n<\/div>\n\n<div data-block-name=\"woocommerce\/cart-totals-block\" class=\"wp-block-woocommerce-cart-totals-block\">\n<div data-block-name=\"woocommerce\/cart-order-summary-block\" class=\"wp-block-woocommerce-cart-order-summary-block\">\n<div data-block-name=\"woocommerce\/cart-order-summary-heading-block\" class=\"wp-block-woocommerce-cart-order-summary-heading-block\">\u00a0<\/div><div data-block-name=\"woocommerce\/cart-order-summary-coupon-form-block\" class=\"wp-block-woocommerce-cart-order-summary-coupon-form-block\">\u00a0<\/div><div data-block-name=\"woocommerce\/cart-order-summary-totals-block\" class=\"wp-block-woocommerce-cart-order-summary-totals-block\">\n<div data-block-name=\"woocommerce\/cart-order-summary-subtotal-block\" class=\"wp-block-woocommerce-cart-order-summary-subtotal-block\">\u00a0<\/div>\n<div data-block-name=\"woocommerce\/cart-order-summary-discount-block\" class=\"wp-block-woocommerce-cart-order-summary-discount-block\">\u00a0<\/div>\n<div data-block-name=\"woocommerce\/cart-order-summary-fee-block\" class=\"wp-block-woocommerce-cart-order-summary-fee-block\">\u00a0<\/div>\n<div data-block-name=\"woocommerce\/cart-order-summary-shipping-block\" class=\"wp-block-woocommerce-cart-order-summary-shipping-block\">\u00a0<\/div>\n<div data-block-name=\"woocommerce\/cart-order-summary-taxes-block\" class=\"wp-block-woocommerce-cart-order-summary-taxes-block\">\u00a0<\/div><\/div>\n<\/div>\n\n<div data-block-name=\"woocommerce\/cart-express-payment-block\" class=\"wp-block-woocommerce-cart-express-payment-block\">\u00a0<\/div>\n\n<div data-block-name=\"woocommerce\/proceed-to-checkout-block\" class=\"wp-block-woocommerce-proceed-to-checkout-block\">\u00a0<\/div>\n<div id=\"ppcp-recaptcha-v2-container\" style=\"margin:20px 0;\"><\/div>\n<div data-block-name=\"woocommerce\/cart-accepted-payment-methods-block\" class=\"wp-block-woocommerce-cart-accepted-payment-methods-block\">\u00a0<\/div>\n<div data-block-name=\"woocommerce-paypal-payments\/cart-paylater-messages\" data-pp-placement=\"cart\" data-pp-style-layout=\"text\" data-pp-style-logo-position=\"\" data-pp-style-logo-type=\"\" data-pp-style-text-color=\"\" data-pp-style-text-size=\"\" id=\"ppcp-cart-paylater-messages\" class=\"ppcp-messages\" data-partner-attribution-id=\"Woo_PPCP\"><\/div><\/div>\n<\/div>\n\n<div data-block-name=\"woocommerce\/empty-cart-block\" class=\"wp-block-woocommerce-empty-cart-block\">\n<h2 class=\"wp-block-heading has-text-align-center with-empty-cart-icon wc-block-cart__empty-cart__title\">\u00a1Tu carrito est\u00e1 actualmente vac\u00edo!<\/h2>\n<hr class=\"wp-block-separator has-alpha-channel-opacity is-style-dots\" \/>\n<h2 class=\"wp-block-heading has-text-align-center\">Nuevo en la tienda<\/h2>\n<div data-block-name=\"woocommerce\/product-new\" data-columns=\"4\" data-rows=\"1\" class=\"wc-block-grid wp-block-product-new wp-block-woocommerce-product-new wc-block-product-new has-4-columns\"><ul class=\"wc-block-grid__products\"><li class=\"wc-block-grid__product\">\n\t\t\t\t<a href=\"https:\/\/marketingdigital.iesromeroesteo.es\/alu68\/producto\/engrasador-manual-bedocut\/\" class=\"wc-block-grid__product-link\">\n\t\t\t\t\t\n\t\t\t\t\t<div class=\"wc-block-grid__product-image\"><img fetchpriority=\"high\" decoding=\"async\" width=\"300\" height=\"300\" src=\"https:\/\/marketingdigital.iesromeroesteo.es\/alu68\/wp-content\/uploads\/2026\/02\/kf-S7416ef7be09b4b08adb13b1b1cf439412-300x300.webp\" class=\"attachment-woocommerce_thumbnail size-woocommerce_thumbnail\" alt=\"Engrasador Manual BedoCut\" srcset=\"https:\/\/marketingdigital.iesromeroesteo.es\/alu68\/wp-content\/uploads\/2026\/02\/kf-S7416ef7be09b4b08adb13b1b1cf439412-300x300.webp 300w, https:\/\/marketingdigital.iesromeroesteo.es\/alu68\/wp-content\/uploads\/2026\/02\/kf-S7416ef7be09b4b08adb13b1b1cf439412-150x150.webp 150w, https:\/\/marketingdigital.iesromeroesteo.es\/alu68\/wp-content\/uploads\/2026\/02\/kf-S7416ef7be09b4b08adb13b1b1cf439412-768x768.webp 768w, https:\/\/marketingdigital.iesromeroesteo.es\/alu68\/wp-content\/uploads\/2026\/02\/kf-S7416ef7be09b4b08adb13b1b1cf439412-600x600.webp 600w, https:\/\/marketingdigital.iesromeroesteo.es\/alu68\/wp-content\/uploads\/2026\/02\/kf-S7416ef7be09b4b08adb13b1b1cf439412-100x100.webp 100w, https:\/\/marketingdigital.iesromeroesteo.es\/alu68\/wp-content\/uploads\/2026\/02\/kf-S7416ef7be09b4b08adb13b1b1cf439412.webp 1001w\" sizes=\"(max-width: 300px) 100vw, 300px\" \/><\/div>\n\t\t\t\t\t<div class=\"wc-block-grid__product-title\">Engrasador Manual BedoCut<\/div>\n\t\t\t\t<\/a>\n\t\t\t\t<div class=\"wc-block-grid__product-price price\"><span class=\"woocommerce-Price-amount amount\">11,89&nbsp;<span class=\"woocommerce-Price-currencySymbol\">&euro;<\/span><\/span><\/div>\n\t\t\t\t\n\t\t\t\t<div class=\"wp-block-button wc-block-grid__product-add-to-cart\"><a href=\"\/alu68\/wp-json\/wp\/v2\/pages\/14?add-to-cart=1495\" aria-label=\"A\u00f1adir al carrito: &ldquo;Engrasador Manual BedoCut&rdquo;\" data-quantity=\"1\" data-product_id=\"1495\" data-product_sku=\"1005006306785511\" data-price=\"11.89\" rel=\"nofollow\" class=\"wp-block-button__link  add_to_cart_button ajax_add_to_cart\">A\u00f1adir al carrito<\/a><\/div>\n\t\t\t<\/li><li class=\"wc-block-grid__product\">\n\t\t\t\t<a href=\"https:\/\/marketingdigital.iesromeroesteo.es\/alu68\/producto\/cepillo-de-alambre-de-acero-bedocut\/\" class=\"wc-block-grid__product-link\">\n\t\t\t\t\t<div class=\"wc-block-grid__product-onsale\">\n\t\t\t<span aria-hidden=\"true\">Oferta<\/span>\n\t\t\t<span class=\"screen-reader-text\">Producto en oferta<\/span>\n\t\t<\/div>\n\t\t\t\t\t<div class=\"wc-block-grid__product-image\"><img decoding=\"async\" width=\"300\" height=\"300\" src=\"https:\/\/marketingdigital.iesromeroesteo.es\/alu68\/wp-content\/uploads\/2026\/02\/kf-S3d0febbaeddf40829ddc18a5bb80da52M-300x300.webp\" class=\"attachment-woocommerce_thumbnail size-woocommerce_thumbnail\" alt=\"Cepillo de Alambre de Acero BedoCut\" srcset=\"https:\/\/marketingdigital.iesromeroesteo.es\/alu68\/wp-content\/uploads\/2026\/02\/kf-S3d0febbaeddf40829ddc18a5bb80da52M-300x300.webp 300w, https:\/\/marketingdigital.iesromeroesteo.es\/alu68\/wp-content\/uploads\/2026\/02\/kf-S3d0febbaeddf40829ddc18a5bb80da52M-1024x1024.webp 1024w, https:\/\/marketingdigital.iesromeroesteo.es\/alu68\/wp-content\/uploads\/2026\/02\/kf-S3d0febbaeddf40829ddc18a5bb80da52M-150x150.webp 150w, https:\/\/marketingdigital.iesromeroesteo.es\/alu68\/wp-content\/uploads\/2026\/02\/kf-S3d0febbaeddf40829ddc18a5bb80da52M-768x768.webp 768w, https:\/\/marketingdigital.iesromeroesteo.es\/alu68\/wp-content\/uploads\/2026\/02\/kf-S3d0febbaeddf40829ddc18a5bb80da52M-600x600.webp 600w, https:\/\/marketingdigital.iesromeroesteo.es\/alu68\/wp-content\/uploads\/2026\/02\/kf-S3d0febbaeddf40829ddc18a5bb80da52M-100x100.webp 100w, https:\/\/marketingdigital.iesromeroesteo.es\/alu68\/wp-content\/uploads\/2026\/02\/kf-S3d0febbaeddf40829ddc18a5bb80da52M.webp 1100w\" sizes=\"(max-width: 300px) 100vw, 300px\" \/><\/div>\n\t\t\t\t\t<div class=\"wc-block-grid__product-title\">Cepillo de Alambre de Acero BedoCut<\/div>\n\t\t\t\t<\/a>\n\t\t\t\t<div class=\"wc-block-grid__product-price price\"><del aria-hidden=\"true\"><span class=\"woocommerce-Price-amount amount\">6,00&nbsp;<span class=\"woocommerce-Price-currencySymbol\">&euro;<\/span><\/span><\/del> <span class=\"screen-reader-text\">El precio original era: 6,00&nbsp;&euro;.<\/span><ins aria-hidden=\"true\"><span class=\"woocommerce-Price-amount amount\">3,99&nbsp;<span class=\"woocommerce-Price-currencySymbol\">&euro;<\/span><\/span><\/ins><span class=\"screen-reader-text\">El precio actual es: 3,99&nbsp;&euro;.<\/span><\/div>\n\t\t\t\t\n\t\t\t\t<div class=\"wp-block-button wc-block-grid__product-add-to-cart\"><a href=\"\/alu68\/wp-json\/wp\/v2\/pages\/14?add-to-cart=1487\" aria-label=\"A\u00f1adir al carrito: &ldquo;Cepillo de Alambre de Acero BedoCut&rdquo;\" data-quantity=\"1\" data-product_id=\"1487\" data-product_sku=\"1005006777507057\" data-price=\"3.99\" rel=\"nofollow\" class=\"wp-block-button__link  add_to_cart_button ajax_add_to_cart\">A\u00f1adir al carrito<\/a><\/div>\n\t\t\t<\/li><li class=\"wc-block-grid__product\">\n\t\t\t\t<a href=\"https:\/\/marketingdigital.iesromeroesteo.es\/alu68\/producto\/casco-de-seguridad-bedocut\/\" class=\"wc-block-grid__product-link\">\n\t\t\t\t\t\n\t\t\t\t\t<div class=\"wc-block-grid__product-image\"><img decoding=\"async\" width=\"300\" height=\"300\" src=\"https:\/\/marketingdigital.iesromeroesteo.es\/alu68\/wp-content\/uploads\/2026\/02\/kf-S0d3adf69aecd4e1ba6f82c3e724e18f3v-300x300.webp\" class=\"attachment-woocommerce_thumbnail size-woocommerce_thumbnail\" alt=\"Casco de Seguridad BedoCut\" srcset=\"https:\/\/marketingdigital.iesromeroesteo.es\/alu68\/wp-content\/uploads\/2026\/02\/kf-S0d3adf69aecd4e1ba6f82c3e724e18f3v-300x300.webp 300w, https:\/\/marketingdigital.iesromeroesteo.es\/alu68\/wp-content\/uploads\/2026\/02\/kf-S0d3adf69aecd4e1ba6f82c3e724e18f3v-150x150.webp 150w, https:\/\/marketingdigital.iesromeroesteo.es\/alu68\/wp-content\/uploads\/2026\/02\/kf-S0d3adf69aecd4e1ba6f82c3e724e18f3v-768x768.webp 768w, https:\/\/marketingdigital.iesromeroesteo.es\/alu68\/wp-content\/uploads\/2026\/02\/kf-S0d3adf69aecd4e1ba6f82c3e724e18f3v-600x600.webp 600w, https:\/\/marketingdigital.iesromeroesteo.es\/alu68\/wp-content\/uploads\/2026\/02\/kf-S0d3adf69aecd4e1ba6f82c3e724e18f3v-100x100.webp 100w, https:\/\/marketingdigital.iesromeroesteo.es\/alu68\/wp-content\/uploads\/2026\/02\/kf-S0d3adf69aecd4e1ba6f82c3e724e18f3v.webp 800w\" sizes=\"(max-width: 300px) 100vw, 300px\" \/><\/div>\n\t\t\t\t\t<div class=\"wc-block-grid__product-title\">Casco de Seguridad BedoCut<\/div>\n\t\t\t\t<\/a>\n\t\t\t\t<div class=\"wc-block-grid__product-price price\"><span class=\"woocommerce-Price-amount amount\">3,97&nbsp;<span class=\"woocommerce-Price-currencySymbol\">&euro;<\/span><\/span><\/div>\n\t\t\t\t\n\t\t\t\t<div class=\"wp-block-button wc-block-grid__product-add-to-cart\"><a href=\"https:\/\/marketingdigital.iesromeroesteo.es\/alu68\/producto\/casco-de-seguridad-bedocut\/\" aria-label=\"Elige las opciones para &ldquo;Casco de Seguridad BedoCut&rdquo;\" data-quantity=\"1\" data-product_id=\"1474\" data-product_sku=\"3256809640022738\" data-price=\"3.97\" rel=\"nofollow\" class=\"wp-block-button__link  add_to_cart_button\">Seleccionar opciones<\/a><\/div>\n\t\t\t<\/li><li class=\"wc-block-grid__product\">\n\t\t\t\t<a href=\"https:\/\/marketingdigital.iesromeroesteo.es\/alu68\/producto\/guantes-anticorte-bedocut-gripshield-nivel-5\/\" class=\"wc-block-grid__product-link\">\n\t\t\t\t\t\n\t\t\t\t\t<div class=\"wc-block-grid__product-image\"><img loading=\"lazy\" decoding=\"async\" width=\"300\" height=\"300\" src=\"https:\/\/marketingdigital.iesromeroesteo.es\/alu68\/wp-content\/uploads\/2026\/02\/kf-Sba4a1fea407b45b684c132ae5500980d3-300x300.webp\" class=\"attachment-woocommerce_thumbnail size-woocommerce_thumbnail\" alt=\"Guantes Anticorte BedoCut GripShield Nivel 5\" srcset=\"https:\/\/marketingdigital.iesromeroesteo.es\/alu68\/wp-content\/uploads\/2026\/02\/kf-Sba4a1fea407b45b684c132ae5500980d3-300x300.webp 300w, https:\/\/marketingdigital.iesromeroesteo.es\/alu68\/wp-content\/uploads\/2026\/02\/kf-Sba4a1fea407b45b684c132ae5500980d3-1024x1024.webp 1024w, https:\/\/marketingdigital.iesromeroesteo.es\/alu68\/wp-content\/uploads\/2026\/02\/kf-Sba4a1fea407b45b684c132ae5500980d3-150x150.webp 150w, https:\/\/marketingdigital.iesromeroesteo.es\/alu68\/wp-content\/uploads\/2026\/02\/kf-Sba4a1fea407b45b684c132ae5500980d3-768x768.webp 768w, https:\/\/marketingdigital.iesromeroesteo.es\/alu68\/wp-content\/uploads\/2026\/02\/kf-Sba4a1fea407b45b684c132ae5500980d3-1536x1536.webp 1536w, https:\/\/marketingdigital.iesromeroesteo.es\/alu68\/wp-content\/uploads\/2026\/02\/kf-Sba4a1fea407b45b684c132ae5500980d3-2048x2048.webp 2048w, https:\/\/marketingdigital.iesromeroesteo.es\/alu68\/wp-content\/uploads\/2026\/02\/kf-Sba4a1fea407b45b684c132ae5500980d3-600x600.webp 600w, https:\/\/marketingdigital.iesromeroesteo.es\/alu68\/wp-content\/uploads\/2026\/02\/kf-Sba4a1fea407b45b684c132ae5500980d3-100x100.webp 100w\" sizes=\"(max-width: 300px) 100vw, 300px\" \/><\/div>\n\t\t\t\t\t<div class=\"wc-block-grid__product-title\">Guantes Anticorte BedoCut GripShield Nivel 5<\/div>\n\t\t\t\t<\/a>\n\t\t\t\t<div class=\"wc-block-grid__product-price price\"><span class=\"woocommerce-Price-amount amount\">3,97&nbsp;<span class=\"woocommerce-Price-currencySymbol\">&euro;<\/span><\/span><\/div>\n\t\t\t\t\n\t\t\t\t<div class=\"wp-block-button wc-block-grid__product-add-to-cart\"><a href=\"https:\/\/marketingdigital.iesromeroesteo.es\/alu68\/producto\/guantes-anticorte-bedocut-gripshield-nivel-5\/\" aria-label=\"Elige las opciones para &ldquo;Guantes Anticorte BedoCut GripShield Nivel 5&rdquo;\" data-quantity=\"1\" data-product_id=\"1463\" data-product_sku=\"1005005371810576\" data-price=\"3.97\" rel=\"nofollow\" class=\"wp-block-button__link  add_to_cart_button\">Seleccionar opciones<\/a><\/div>\n\t\t\t<\/li><\/ul><\/div><\/div>\n<\/div>\n\t\t\t\t\t\t\t\t<\/div>\n\t\t\t\t\t<\/div>\n\t\t\t\t<\/div>\n\t\t\t\t<\/div>\n\t\t","protected":false},"excerpt":{"rendered":"","protected":false},"author":1,"featured_media":0,"parent":0,"menu_order":0,"comment_status":"closed","ping_status":"closed","template":"elementor_header_footer","meta":{"_joinchat":[],"footnotes":""},"class_list":["post-14","page","type-page","status-publish","hentry"],"yoast_head":"<!-- This site is optimized with the Yoast SEO plugin v26.9 - https:\/\/yoast.com\/product\/yoast-seo-wordpress\/ -->\n<title>Carrito - BEDOCUT<\/title>\n<meta name=\"robots\" content=\"index, follow, max-snippet:-1, max-image-preview:large, max-video-preview:-1\" \/>\n<link rel=\"canonical\" href=\"https:\/\/marketingdigital.iesromeroesteo.es\/alu68\/carrito\/\" \/>\n<meta property=\"og:locale\" content=\"es_ES\" \/>\n<meta property=\"og:type\" content=\"article\" \/>\n<meta property=\"og:title\" content=\"Carrito - BEDOCUT\" \/>\n<meta property=\"og:url\" content=\"https:\/\/marketingdigital.iesromeroesteo.es\/alu68\/carrito\/\" \/>\n<meta property=\"og:site_name\" content=\"BEDOCUT\" \/>\n<meta property=\"article:modified_time\" content=\"2026-01-19T17:14:05+00:00\" \/>\n<meta name=\"twitter:card\" content=\"summary_large_image\" \/>\n<script type=\"application\/ld+json\" class=\"yoast-schema-graph\">{\"@context\":\"https:\/\/schema.org\",\"@graph\":[{\"@type\":\"WebPage\",\"@id\":\"https:\/\/marketingdigital.iesromeroesteo.es\/alu68\/carrito\/\",\"url\":\"https:\/\/marketingdigital.iesromeroesteo.es\/alu68\/carrito\/\",\"name\":\"Carrito - BEDOCUT\",\"isPartOf\":{\"@id\":\"https:\/\/marketingdigital.iesromeroesteo.es\/alu68\/#website\"},\"datePublished\":\"2026-01-18T15:58:11+00:00\",\"dateModified\":\"2026-01-19T17:14:05+00:00\",\"breadcrumb\":{\"@id\":\"https:\/\/marketingdigital.iesromeroesteo.es\/alu68\/carrito\/#breadcrumb\"},\"inLanguage\":\"es\",\"potentialAction\":[{\"@type\":\"ReadAction\",\"target\":[\"https:\/\/marketingdigital.iesromeroesteo.es\/alu68\/carrito\/\"]}]},{\"@type\":\"BreadcrumbList\",\"@id\":\"https:\/\/marketingdigital.iesromeroesteo.es\/alu68\/carrito\/#breadcrumb\",\"itemListElement\":[{\"@type\":\"ListItem\",\"position\":1,\"name\":\"Portada\",\"item\":\"https:\/\/marketingdigital.iesromeroesteo.es\/alu68\/\"},{\"@type\":\"ListItem\",\"position\":2,\"name\":\"Carrito\"}]},{\"@type\":\"WebSite\",\"@id\":\"https:\/\/marketingdigital.iesromeroesteo.es\/alu68\/#website\",\"url\":\"https:\/\/marketingdigital.iesromeroesteo.es\/alu68\/\",\"name\":\"BEDOCUT\",\"description\":\"BEDOCUT Jardiner\u00eda ofrece mantenimiento, dise\u00f1o y cuidado de jardines con herramientas profesionales. Servicio online y atenci\u00f3n en toda Espa\u00f1a.\",\"publisher\":{\"@id\":\"https:\/\/marketingdigital.iesromeroesteo.es\/alu68\/#organization\"},\"potentialAction\":[{\"@type\":\"SearchAction\",\"target\":{\"@type\":\"EntryPoint\",\"urlTemplate\":\"https:\/\/marketingdigital.iesromeroesteo.es\/alu68\/?s={search_term_string}\"},\"query-input\":{\"@type\":\"PropertyValueSpecification\",\"valueRequired\":true,\"valueName\":\"search_term_string\"}}],\"inLanguage\":\"es\"},{\"@type\":\"Organization\",\"@id\":\"https:\/\/marketingdigital.iesromeroesteo.es\/alu68\/#organization\",\"name\":\"BEDOCUT\",\"url\":\"https:\/\/marketingdigital.iesromeroesteo.es\/alu68\/\",\"logo\":{\"@type\":\"ImageObject\",\"inLanguage\":\"es\",\"@id\":\"https:\/\/marketingdigital.iesromeroesteo.es\/alu68\/#\/schema\/logo\/image\/\",\"url\":\"https:\/\/marketingdigital.iesromeroesteo.es\/alu68\/wp-content\/uploads\/2025\/11\/Green-Modern-Badge-Gardening-Logo-Design.png\",\"contentUrl\":\"https:\/\/marketingdigital.iesromeroesteo.es\/alu68\/wp-content\/uploads\/2025\/11\/Green-Modern-Badge-Gardening-Logo-Design.png\",\"width\":500,\"height\":500,\"caption\":\"BEDOCUT\"},\"image\":{\"@id\":\"https:\/\/marketingdigital.iesromeroesteo.es\/alu68\/#\/schema\/logo\/image\/\"}}]}<\/script>\n<!-- \/ Yoast SEO plugin. -->","yoast_head_json":{"title":"Carrito - BEDOCUT","robots":{"index":"index","follow":"follow","max-snippet":"max-snippet:-1","max-image-preview":"max-image-preview:large","max-video-preview":"max-video-preview:-1"},"canonical":"https:\/\/marketingdigital.iesromeroesteo.es\/alu68\/carrito\/","og_locale":"es_ES","og_type":"article","og_title":"Carrito - BEDOCUT","og_url":"https:\/\/marketingdigital.iesromeroesteo.es\/alu68\/carrito\/","og_site_name":"BEDOCUT","article_modified_time":"2026-01-19T17:14:05+00:00","twitter_card":"summary_large_image","schema":{"@context":"https:\/\/schema.org","@graph":[{"@type":"WebPage","@id":"https:\/\/marketingdigital.iesromeroesteo.es\/alu68\/carrito\/","url":"https:\/\/marketingdigital.iesromeroesteo.es\/alu68\/carrito\/","name":"Carrito - BEDOCUT","isPartOf":{"@id":"https:\/\/marketingdigital.iesromeroesteo.es\/alu68\/#website"},"datePublished":"2026-01-18T15:58:11+00:00","dateModified":"2026-01-19T17:14:05+00:00","breadcrumb":{"@id":"https:\/\/marketingdigital.iesromeroesteo.es\/alu68\/carrito\/#breadcrumb"},"inLanguage":"es","potentialAction":[{"@type":"ReadAction","target":["https:\/\/marketingdigital.iesromeroesteo.es\/alu68\/carrito\/"]}]},{"@type":"BreadcrumbList","@id":"https:\/\/marketingdigital.iesromeroesteo.es\/alu68\/carrito\/#breadcrumb","itemListElement":[{"@type":"ListItem","position":1,"name":"Portada","item":"https:\/\/marketingdigital.iesromeroesteo.es\/alu68\/"},{"@type":"ListItem","position":2,"name":"Carrito"}]},{"@type":"WebSite","@id":"https:\/\/marketingdigital.iesromeroesteo.es\/alu68\/#website","url":"https:\/\/marketingdigital.iesromeroesteo.es\/alu68\/","name":"BEDOCUT","description":"BEDOCUT Jardiner\u00eda ofrece mantenimiento, dise\u00f1o y cuidado de jardines con herramientas profesionales. Servicio online y atenci\u00f3n en toda Espa\u00f1a.","publisher":{"@id":"https:\/\/marketingdigital.iesromeroesteo.es\/alu68\/#organization"},"potentialAction":[{"@type":"SearchAction","target":{"@type":"EntryPoint","urlTemplate":"https:\/\/marketingdigital.iesromeroesteo.es\/alu68\/?s={search_term_string}"},"query-input":{"@type":"PropertyValueSpecification","valueRequired":true,"valueName":"search_term_string"}}],"inLanguage":"es"},{"@type":"Organization","@id":"https:\/\/marketingdigital.iesromeroesteo.es\/alu68\/#organization","name":"BEDOCUT","url":"https:\/\/marketingdigital.iesromeroesteo.es\/alu68\/","logo":{"@type":"ImageObject","inLanguage":"es","@id":"https:\/\/marketingdigital.iesromeroesteo.es\/alu68\/#\/schema\/logo\/image\/","url":"https:\/\/marketingdigital.iesromeroesteo.es\/alu68\/wp-content\/uploads\/2025\/11\/Green-Modern-Badge-Gardening-Logo-Design.png","contentUrl":"https:\/\/marketingdigital.iesromeroesteo.es\/alu68\/wp-content\/uploads\/2025\/11\/Green-Modern-Badge-Gardening-Logo-Design.png","width":500,"height":500,"caption":"BEDOCUT"},"image":{"@id":"https:\/\/marketingdigital.iesromeroesteo.es\/alu68\/#\/schema\/logo\/image\/"}}]}},"_links":{"self":[{"href":"https:\/\/marketingdigital.iesromeroesteo.es\/alu68\/wp-json\/wp\/v2\/pages\/14","targetHints":{"allow":["GET"]}}],"collection":[{"href":"https:\/\/marketingdigital.iesromeroesteo.es\/alu68\/wp-json\/wp\/v2\/pages"}],"about":[{"href":"https:\/\/marketingdigital.iesromeroesteo.es\/alu68\/wp-json\/wp\/v2\/types\/page"}],"author":[{"embeddable":true,"href":"https:\/\/marketingdigital.iesromeroesteo.es\/alu68\/wp-json\/wp\/v2\/users\/1"}],"replies":[{"embeddable":true,"href":"https:\/\/marketingdigital.iesromeroesteo.es\/alu68\/wp-json\/wp\/v2\/comments?post=14"}],"version-history":[{"count":4,"href":"https:\/\/marketingdigital.iesromeroesteo.es\/alu68\/wp-json\/wp\/v2\/pages\/14\/revisions"}],"predecessor-version":[{"id":770,"href":"https:\/\/marketingdigital.iesromeroesteo.es\/alu68\/wp-json\/wp\/v2\/pages\/14\/revisions\/770"}],"wp:attachment":[{"href":"https:\/\/marketingdigital.iesromeroesteo.es\/alu68\/wp-json\/wp\/v2\/media?parent=14"}],"curies":[{"name":"wp","href":"https:\/\/api.w.org\/{rel}","templated":true}]}}